{"id":286,"date":"2018-05-15T12:11:20","date_gmt":"2018-05-15T10:11:20","guid":{"rendered":"http:\/\/www.mallorca-bahia-azul.com\/?page_id=286"},"modified":"2019-01-18T10:27:00","modified_gmt":"2019-01-18T09:27:00","slug":"restaurants","status":"publish","type":"page","link":"http:\/\/www.mallorca-bahia-azul.com\/en\/restaurants\/","title":{"rendered":"restaurants"},"content":{"rendered":"<p>Ein wirklich fantastisches Restaurant in der N\u00e4he ist das El Tantalo. Fu\u00dfl\u00e4ufig vom Haus in 15 Minuten zu erreichen l\u00e4d es all abendlich zu kulinarischen K\u00f6stlichkeiten in nettem Ambiente zu guten Preisen ein. Es ist immer gut besucht und man sollte daher am besten vorher reservieren. Auch muss man aufgrund der vielen G\u00e4nge die man als Zusatz serviert bekommt etwas mehr Zeit einplanen, aber die lohnt sich daf\u00fcr um so mehr. Die tollen Kochk\u00fcnste sind auch alle auf Facebook zu bewundern. Man gibt sich hier nicht nur geschmacklich sondern auch optisch auf den Tellern viel M\u00fche.<\/p>\n<div id='gallery-1' class='gallery galleryid-286 gallery-columns-3 gallery-size-medium'><figure class='gallery-item'>\n\t\t\t<div class='gallery-icon landscape'>\n\t\t\t\t<a href='http:\/\/www.mallorca-bahia-azul.com\/en\/restaurants\/419345_362635090434492_568789240_n\/'><img loading=\"lazy\" decoding=\"async\" width=\"300\" height=\"200\" src=\"http:\/\/www.mallorca-bahia-azul.com\/wp-content\/uploads\/2018\/09\/419345_362635090434492_568789240_n-300x200.jpg\" class=\"attachment-medium size-medium\" alt=\"\" srcset=\"http:\/\/www.mallorca-bahia-azul.com\/wp-content\/uploads\/2018\/09\/419345_362635090434492_568789240_n-300x200.jpg 300w, http:\/\/www.mallorca-bahia-azul.com\/wp-content\/uploads\/2018\/09\/419345_362635090434492_568789240_n-768x511.jpg 768w, http:\/\/www.mallorca-bahia-azul.com\/wp-content\/uploads\/2018\/09\/419345_362635090434492_568789240_n-841x560.jpg 841w, http:\/\/www.mallorca-bahia-azul.com\/wp-content\/uploads\/2018\/09\/419345_362635090434492_568789240_n-840x560.jpg 840w, http:\/\/www.mallorca-bahia-azul.com\/wp-content\/uploads\/2018\/09\/419345_362635090434492_568789240_n.jpg 960w\" sizes=\"auto, (max-width: 300px) 100vw, 300px\" \/><\/a>\n\t\t\t<\/div><\/figure><figure class='gallery-item'>\n\t\t\t<div class='gallery-icon landscape'>\n\t\t\t\t<a href='http:\/\/www.mallorca-bahia-azul.com\/en\/restaurants\/539969_369045943126740_473141589_n\/'><img loading=\"lazy\" decoding=\"async\" width=\"300\" height=\"200\" src=\"http:\/\/www.mallorca-bahia-azul.com\/wp-content\/uploads\/2018\/09\/539969_369045943126740_473141589_n-300x200.jpg\" class=\"attachment-medium size-medium\" alt=\"\" srcset=\"http:\/\/www.mallorca-bahia-azul.com\/wp-content\/uploads\/2018\/09\/539969_369045943126740_473141589_n-300x200.jpg 300w, http:\/\/www.mallorca-bahia-azul.com\/wp-content\/uploads\/2018\/09\/539969_369045943126740_473141589_n-768x511.jpg 768w, http:\/\/www.mallorca-bahia-azul.com\/wp-content\/uploads\/2018\/09\/539969_369045943126740_473141589_n-841x560.jpg 841w, http:\/\/www.mallorca-bahia-azul.com\/wp-content\/uploads\/2018\/09\/539969_369045943126740_473141589_n-840x560.jpg 840w, http:\/\/www.mallorca-bahia-azul.com\/wp-content\/uploads\/2018\/09\/539969_369045943126740_473141589_n.jpg 960w\" sizes=\"auto, (max-width: 300px) 100vw, 300px\" \/><\/a>\n\t\t\t<\/div><\/figure><figure class='gallery-item'>\n\t\t\t<div class='gallery-icon landscape'>\n\t\t\t\t<a href='http:\/\/www.mallorca-bahia-azul.com\/en\/restaurants\/422658_362556183775716_777075484_n\/'><img loading=\"lazy\" decoding=\"async\" width=\"300\" height=\"200\" src=\"http:\/\/www.mallorca-bahia-azul.com\/wp-content\/uploads\/2018\/09\/422658_362556183775716_777075484_n-300x200.jpg\" class=\"attachment-medium size-medium\" alt=\"\" srcset=\"http:\/\/www.mallorca-bahia-azul.com\/wp-content\/uploads\/2018\/09\/422658_362556183775716_777075484_n-300x200.jpg 300w, http:\/\/www.mallorca-bahia-azul.com\/wp-content\/uploads\/2018\/09\/422658_362556183775716_777075484_n-768x511.jpg 768w, http:\/\/www.mallorca-bahia-azul.com\/wp-content\/uploads\/2018\/09\/422658_362556183775716_777075484_n-841x560.jpg 841w, http:\/\/www.mallorca-bahia-azul.com\/wp-content\/uploads\/2018\/09\/422658_362556183775716_777075484_n-840x560.jpg 840w, http:\/\/www.mallorca-bahia-azul.com\/wp-content\/uploads\/2018\/09\/422658_362556183775716_777075484_n.jpg 960w\" sizes=\"auto, (max-width: 300px) 100vw, 300px\" \/><\/a>\n\t\t\t<\/div><\/figure>\n\t\t<\/div>\n\n<p style=\"text-align: center;\">Ebenfalls fu\u00dfl\u00e4ufig erreichbar ist eine Pizzeria Es Clot, diese ist schlichter gehalten aber was den Geschmack der angebotenen italienischen Speisen angeht auch sehr zu empfehlen. Sollte man einmal keine Lust haben das Haus zu verlassen bietet die Pizzeria auch einen Lieferservice<\/p>\n<p><img loading=\"lazy\" decoding=\"async\" class=\" wp-image-677 aligncenter\" src=\"http:\/\/www.mallorca-bahia-azul.com\/wp-content\/uploads\/2018\/09\/Es-Clot-2-e1538122375135.jpg\" alt=\"\" width=\"295\" height=\"242\" \/><\/p>\n<h1 style=\"text-align: center;\"><strong>Mallorca Exklusiv<\/strong><\/h1>\n<p style=\"text-align: center;\">Wer es gehobener bevorzugt, kommt nach 8 min\u00fctlicher Autofahrt auch auf seine kosten. Hier ist das Hilton Sa Torre sehr zu empfehlen was sehr l\u00e4ndlich idyllisch in einer alten Klosteranlage liegt.<\/p>\n<p><img loading=\"lazy\" decoding=\"async\" class=\" wp-image-680 aligncenter\" src=\"http:\/\/www.mallorca-bahia-azul.com\/wp-content\/uploads\/2018\/09\/Hilton.jpg\" alt=\"\" width=\"972\" height=\"574\" srcset=\"http:\/\/www.mallorca-bahia-azul.com\/wp-content\/uploads\/2018\/09\/Hilton.jpg 1249w, http:\/\/www.mallorca-bahia-azul.com\/wp-content\/uploads\/2018\/09\/Hilton-300x177.jpg 300w, http:\/\/www.mallorca-bahia-azul.com\/wp-content\/uploads\/2018\/09\/Hilton-768x454.jpg 768w, http:\/\/www.mallorca-bahia-azul.com\/wp-content\/uploads\/2018\/09\/Hilton-1024x605.jpg 1024w, http:\/\/www.mallorca-bahia-azul.com\/wp-content\/uploads\/2018\/09\/Hilton-948x560.jpg 948w\" sizes=\"auto, (max-width: 972px) 100vw, 972px\" \/><\/p>\n<p style=\"text-align: center;\">Oder wer ans Meer m\u00f6chte, f\u00fcr den ist der angesagteste Beachclub der Insel auch nicht weit entfernt. Der Mahres Beachclub verw\u00f6hnt seine G\u00e4ste neben dem guten Essen mit einem Atemberaubenden Blick aufs Meer und die Bucht von Palma. Zu beachten ist hierbei, dass der Club nur f\u00fcr Erwachsene zug\u00e4nglich ist. Dies garantiert dann aber auch ein ruhiges Ambiente.<\/p>\n<p><img loading=\"lazy\" decoding=\"async\" class=\" wp-image-682 aligncenter\" src=\"http:\/\/www.mallorca-bahia-azul.com\/wp-content\/uploads\/2018\/09\/Mahres2.jpg\" alt=\"\" width=\"962\" height=\"539\" srcset=\"http:\/\/www.mallorca-bahia-azul.com\/wp-content\/uploads\/2018\/09\/Mahres2.jpg 1226w, http:\/\/www.mallorca-bahia-azul.com\/wp-content\/uploads\/2018\/09\/Mahres2-300x168.jpg 300w, http:\/\/www.mallorca-bahia-azul.com\/wp-content\/uploads\/2018\/09\/Mahres2-768x430.jpg 768w, http:\/\/www.mallorca-bahia-azul.com\/wp-content\/uploads\/2018\/09\/Mahres2-1024x574.jpg 1024w, http:\/\/www.mallorca-bahia-azul.com\/wp-content\/uploads\/2018\/09\/Mahres2-999x560.jpg 999w\" sizes=\"auto, (max-width: 962px) 100vw, 962px\" \/><\/p>\n<p style=\"text-align: center;\">Wer sich neben dem Essen noch sportlich bet\u00e4tigen m\u00f6chte kann im Maiores nicht nur essen sondern auf Mallorcas beliebtestem Golfplatz auch seinem Hobby nachgehen und im Fr\u00fchling und Herbst bei angenehmen Temperaturen ein paar Abschl\u00e4ge machen.<\/p>\n<p><img loading=\"lazy\" decoding=\"async\" class=\"wp-image-685 aligncenter\" src=\"http:\/\/www.mallorca-bahia-azul.com\/wp-content\/uploads\/2018\/09\/Maioris-Golf.jpg\" alt=\"\" width=\"971\" height=\"199\" srcset=\"http:\/\/www.mallorca-bahia-azul.com\/wp-content\/uploads\/2018\/09\/Maioris-Golf.jpg 1919w, http:\/\/www.mallorca-bahia-azul.com\/wp-content\/uploads\/2018\/09\/Maioris-Golf-300x61.jpg 300w, http:\/\/www.mallorca-bahia-azul.com\/wp-content\/uploads\/2018\/09\/Maioris-Golf-768x157.jpg 768w, http:\/\/www.mallorca-bahia-azul.com\/wp-content\/uploads\/2018\/09\/Maioris-Golf-1024x210.jpg 1024w\" sizes=\"auto, (max-width: 971px) 100vw, 971px\" \/><\/p>\n<p style=\"text-align: center;\">Auf der Umgebungskarte \u00a0sind alle hier vorgestellten Ziele im Umkreis von 5 km eingezeichnet.<\/p>\n<p><img loading=\"lazy\" decoding=\"async\" class=\"alignnone size-full wp-image-695\" src=\"http:\/\/www.mallorca-bahia-azul.com\/wp-content\/uploads\/2018\/10\/Karte-Restaurants-1.jpg\" alt=\"\" width=\"1634\" height=\"886\" srcset=\"http:\/\/www.mallorca-bahia-azul.com\/wp-content\/uploads\/2018\/10\/Karte-Restaurants-1.jpg 1634w, http:\/\/www.mallorca-bahia-azul.com\/wp-content\/uploads\/2018\/10\/Karte-Restaurants-1-300x163.jpg 300w, http:\/\/www.mallorca-bahia-azul.com\/wp-content\/uploads\/2018\/10\/Karte-Restaurants-1-768x416.jpg 768w, http:\/\/www.mallorca-bahia-azul.com\/wp-content\/uploads\/2018\/10\/Karte-Restaurants-1-1024x555.jpg 1024w, http:\/\/www.mallorca-bahia-azul.com\/wp-content\/uploads\/2018\/10\/Karte-Restaurants-1-1033x560.jpg 1033w\" sizes=\"auto, (max-width: 1634px) 100vw, 1634px\" \/><\/p>\n","protected":false},"excerpt":{"rendered":"<p>Ein wirklich fantastisches Restaurant in der N\u00e4he ist das El Tantalo. Fu\u00dfl\u00e4ufig vom Haus in 15 Minuten zu erreichen l\u00e4d es all abendlich zu kulinarischen K\u00f6stlichkeiten in nettem Ambiente zu guten Preisen ein. Es ist immer gut besucht und man sollte daher am besten vorher reservieren. Auch muss man aufgrund der vielen G\u00e4nge die man &hellip; <a href=\"http:\/\/www.mallorca-bahia-azul.com\/en\/restaurants\/\" class=\"more-link\">Continue reading<span class=\"screen-reader-text\"> &#8220;restaurants&#8221;<\/span><\/a><\/p>\n","protected":false},"author":2,"featured_media":0,"parent":0,"menu_order":0,"comment_status":"closed","ping_status":"closed","template":"","meta":{"footnotes":""},"class_list":["post-286","page","type-page","status-publish","hentry"],"translation":{"provider":"WPGlobus","version":"3.0.0","language":"en","enabled_languages":["de","en"],"languages":{"de":{"title":true,"content":true,"excerpt":false},"en":{"title":true,"content":false,"excerpt":false}}},"_links":{"self":[{"href":"http:\/\/www.mallorca-bahia-azul.com\/en\/wp-json\/wp\/v2\/pages\/286","targetHints":{"allow":["GET"]}}],"collection":[{"href":"http:\/\/www.mallorca-bahia-azul.com\/en\/wp-json\/wp\/v2\/pages"}],"about":[{"href":"http:\/\/www.mallorca-bahia-azul.com\/en\/wp-json\/wp\/v2\/types\/page"}],"author":[{"embeddable":true,"href":"http:\/\/www.mallorca-bahia-azul.com\/en\/wp-json\/wp\/v2\/users\/2"}],"replies":[{"embeddable":true,"href":"http:\/\/www.mallorca-bahia-azul.com\/en\/wp-json\/wp\/v2\/comments?post=286"}],"version-history":[{"count":12,"href":"http:\/\/www.mallorca-bahia-azul.com\/en\/wp-json\/wp\/v2\/pages\/286\/revisions"}],"predecessor-version":[{"id":733,"href":"http:\/\/www.mallorca-bahia-azul.com\/en\/wp-json\/wp\/v2\/pages\/286\/revisions\/733"}],"wp:attachment":[{"href":"http:\/\/www.mallorca-bahia-azul.com\/en\/wp-json\/wp\/v2\/media?parent=286"}],"curies":[{"name":"wp","href":"https:\/\/api.w.org\/{rel}","templated":true}]}}