{"id":255,"date":"2018-05-15T12:05:49","date_gmt":"2018-05-15T10:05:49","guid":{"rendered":"http:\/\/www.mallorca-bahia-azul.com\/?page_id=255"},"modified":"2020-01-27T16:37:11","modified_gmt":"2020-01-27T15:37:11","slug":"butterfly-bedroom","status":"publish","type":"page","link":"https:\/\/www.mallorca-bahia-azul.com\/en\/butterfly-bedroom\/","title":{"rendered":"butterfly bedroom"},"content":{"rendered":"<p>Auch dieses ger\u00e4umige Schlafzimmer verf\u00fcgt \u00fcber eine Klimaanlage und ein Bad on suite.<\/p>\n<div id='gallery-1' class='gallery galleryid-255 gallery-columns-1 gallery-size-large'><figure class='gallery-item'>\n\t\t\t<div class='gallery-icon landscape'>\n\t\t\t\t<a href='https:\/\/www.mallorca-bahia-azul.com\/en\/butterfly-bedroom\/20181129_111739\/'><img loading=\"lazy\" decoding=\"async\" width=\"768\" height=\"374\" src=\"https:\/\/www.mallorca-bahia-azul.com\/wp-content\/uploads\/2019\/01\/20181129_111739-1024x498.jpg\" class=\"attachment-large size-large\" alt=\"\" srcset=\"https:\/\/www.mallorca-bahia-azul.com\/wp-content\/uploads\/2019\/01\/20181129_111739-1024x498.jpg 1024w, https:\/\/www.mallorca-bahia-azul.com\/wp-content\/uploads\/2019\/01\/20181129_111739-300x146.jpg 300w, https:\/\/www.mallorca-bahia-azul.com\/wp-content\/uploads\/2019\/01\/20181129_111739-768x373.jpg 768w, https:\/\/www.mallorca-bahia-azul.com\/wp-content\/uploads\/2019\/01\/20181129_111739-1152x560.jpg 1152w, https:\/\/www.mallorca-bahia-azul.com\/wp-content\/uploads\/2019\/01\/20181129_111739-2000x972.jpg 2000w\" sizes=\"auto, (max-width: 768px) 100vw, 768px\" \/><\/a>\n\t\t\t<\/div><\/figure><figure class='gallery-item'>\n\t\t\t<div class='gallery-icon landscape'>\n\t\t\t\t<a href='https:\/\/www.mallorca-bahia-azul.com\/en\/butterfly-bedroom\/20181129_111914\/'><img loading=\"lazy\" decoding=\"async\" width=\"768\" height=\"374\" src=\"https:\/\/www.mallorca-bahia-azul.com\/wp-content\/uploads\/2019\/01\/20181129_111914-1024x498.jpg\" class=\"attachment-large size-large\" alt=\"\" srcset=\"https:\/\/www.mallorca-bahia-azul.com\/wp-content\/uploads\/2019\/01\/20181129_111914-1024x498.jpg 1024w, https:\/\/www.mallorca-bahia-azul.com\/wp-content\/uploads\/2019\/01\/20181129_111914-300x146.jpg 300w, https:\/\/www.mallorca-bahia-azul.com\/wp-content\/uploads\/2019\/01\/20181129_111914-768x373.jpg 768w, https:\/\/www.mallorca-bahia-azul.com\/wp-content\/uploads\/2019\/01\/20181129_111914-1152x560.jpg 1152w, https:\/\/www.mallorca-bahia-azul.com\/wp-content\/uploads\/2019\/01\/20181129_111914-2000x972.jpg 2000w\" sizes=\"auto, (max-width: 768px) 100vw, 768px\" \/><\/a>\n\t\t\t<\/div><\/figure><figure class='gallery-item'>\n\t\t\t<div class='gallery-icon landscape'>\n\t\t\t\t<a href='https:\/\/www.mallorca-bahia-azul.com\/en\/butterfly-bedroom\/20181129_111757\/'><img loading=\"lazy\" decoding=\"async\" width=\"768\" height=\"374\" src=\"https:\/\/www.mallorca-bahia-azul.com\/wp-content\/uploads\/2019\/01\/20181129_111757-1024x498.jpg\" class=\"attachment-large size-large\" alt=\"\" srcset=\"https:\/\/www.mallorca-bahia-azul.com\/wp-content\/uploads\/2019\/01\/20181129_111757-1024x498.jpg 1024w, https:\/\/www.mallorca-bahia-azul.com\/wp-content\/uploads\/2019\/01\/20181129_111757-300x146.jpg 300w, https:\/\/www.mallorca-bahia-azul.com\/wp-content\/uploads\/2019\/01\/20181129_111757-768x373.jpg 768w, https:\/\/www.mallorca-bahia-azul.com\/wp-content\/uploads\/2019\/01\/20181129_111757-1152x560.jpg 1152w, https:\/\/www.mallorca-bahia-azul.com\/wp-content\/uploads\/2019\/01\/20181129_111757-2000x972.jpg 2000w\" sizes=\"auto, (max-width: 768px) 100vw, 768px\" \/><\/a>\n\t\t\t<\/div><\/figure>\n\t\t<\/div>\n\n<p>Dieses Bad verf\u00fcgt \u00fcber ein BD und eine Badewanne.<\/p>\n<p><img loading=\"lazy\" decoding=\"async\" class=\"alignnone size-large wp-image-843\" src=\"http:\/\/www.mallorca-bahia-azul.com\/wp-content\/uploads\/2019\/09\/Finca_auf_Mallorca_Villa_Verano_60_1650x957_85-1024x594.jpg\" alt=\"\" width=\"768\" height=\"446\" srcset=\"https:\/\/www.mallorca-bahia-azul.com\/wp-content\/uploads\/2019\/09\/Finca_auf_Mallorca_Villa_Verano_60_1650x957_85-1024x594.jpg 1024w, https:\/\/www.mallorca-bahia-azul.com\/wp-content\/uploads\/2019\/09\/Finca_auf_Mallorca_Villa_Verano_60_1650x957_85-300x174.jpg 300w, https:\/\/www.mallorca-bahia-azul.com\/wp-content\/uploads\/2019\/09\/Finca_auf_Mallorca_Villa_Verano_60_1650x957_85-768x445.jpg 768w, https:\/\/www.mallorca-bahia-azul.com\/wp-content\/uploads\/2019\/09\/Finca_auf_Mallorca_Villa_Verano_60_1650x957_85-966x560.jpg 966w, https:\/\/www.mallorca-bahia-azul.com\/wp-content\/uploads\/2019\/09\/Finca_auf_Mallorca_Villa_Verano_60_1650x957_85.jpg 1650w\" sizes=\"auto, (max-width: 768px) 100vw, 768px\" \/><\/p>\n","protected":false},"excerpt":{"rendered":"<p>Auch dieses ger\u00e4umige Schlafzimmer verf\u00fcgt \u00fcber eine Klimaanlage und ein Bad on suite. Dieses Bad verf\u00fcgt \u00fcber ein BD und eine Badewanne.<\/p>\n","protected":false},"author":2,"featured_media":0,"parent":0,"menu_order":0,"comment_status":"closed","ping_status":"closed","template":"","meta":{"footnotes":""},"class_list":["post-255","page","type-page","status-publish","hentry"],"translation":{"provider":"WPGlobus","version":"3.0.0","language":"en","enabled_languages":["de","en"],"languages":{"de":{"title":true,"content":true,"excerpt":false},"en":{"title":true,"content":false,"excerpt":false}}},"_links":{"self":[{"href":"https:\/\/www.mallorca-bahia-azul.com\/en\/wp-json\/wp\/v2\/pages\/255","targetHints":{"allow":["GET"]}}],"collection":[{"href":"https:\/\/www.mallorca-bahia-azul.com\/en\/wp-json\/wp\/v2\/pages"}],"about":[{"href":"https:\/\/www.mallorca-bahia-azul.com\/en\/wp-json\/wp\/v2\/types\/page"}],"author":[{"embeddable":true,"href":"https:\/\/www.mallorca-bahia-azul.com\/en\/wp-json\/wp\/v2\/users\/2"}],"replies":[{"embeddable":true,"href":"https:\/\/www.mallorca-bahia-azul.com\/en\/wp-json\/wp\/v2\/comments?post=255"}],"version-history":[{"count":5,"href":"https:\/\/www.mallorca-bahia-azul.com\/en\/wp-json\/wp\/v2\/pages\/255\/revisions"}],"predecessor-version":[{"id":851,"href":"https:\/\/www.mallorca-bahia-azul.com\/en\/wp-json\/wp\/v2\/pages\/255\/revisions\/851"}],"wp:attachment":[{"href":"https:\/\/www.mallorca-bahia-azul.com\/en\/wp-json\/wp\/v2\/media?parent=255"}],"curies":[{"name":"wp","href":"https:\/\/api.w.org\/{rel}","templated":true}]}}